{"id":88,"date":"2018-04-06T08:02:36","date_gmt":"2018-04-06T06:02:36","guid":{"rendered":"http:\/\/stage.a-koulutus.fi\/?page_id=88"},"modified":"2023-03-30T14:22:49","modified_gmt":"2023-03-30T12:22:49","slug":"info","status":"publish","type":"page","link":"https:\/\/stage.a-koulutus.fi\/fi\/yhteystiedot\/","title":{"rendered":"Yhteystiedot"},"content":{"rendered":"<p>[et_pb_section fb_built=&#8221;1&#8243; fullwidth=&#8221;on&#8221; _builder_version=&#8221;4.16&#8243; background_color=&#8221;#2ea3f2&#8243; use_background_color_gradient=&#8221;on&#8221; background_color_gradient_direction=&#8221;330deg&#8221; background_color_gradient_stops=&#8221;#2ea3f2 0%|#2e6df4 100%&#8221; background_color_gradient_start=&#8221;#2ea3f2&#8243; background_color_gradient_end=&#8221;#2e6df4&#8243; custom_padding=&#8221;0|0px|0|0px&#8221; global_colors_info=&#8221;{}&#8221;][et_pb_fullwidth_header logo_image_url=&#8221;http:\/\/stage.a-koulutus.fi\/wp-content\/uploads\/2018\/07\/A-koulutus-logo-30-04-2018_3-GIF-1.gif&#8221; _builder_version=&#8221;4.16&#8243; background_enable_color=&#8221;off&#8221; use_background_color_gradient=&#8221;on&#8221; background_color_gradient_stops=&#8221;rgba(0,0,0,0.5) 0%|rgba(0,0,0,0.5) 100%&#8221; background_color_gradient_overlays_image=&#8221;on&#8221; background_color_gradient_start=&#8221;rgba(0,0,0,0.5)&#8221; background_color_gradient_end=&#8221;rgba(0,0,0,0.5)&#8221; background_image=&#8221;http:\/\/stage.a-koulutus.fi\/wp-content\/uploads\/2021\/07\/scaffold-2710841_1280.jpg&#8221; global_colors_info=&#8221;{}&#8221;][\/et_pb_fullwidth_header][\/et_pb_section][et_pb_section fb_built=&#8221;1&#8243; _builder_version=&#8221;4.16&#8243; custom_padding=&#8221;30px|0px|50px|0px&#8221; global_colors_info=&#8221;{}&#8221;][et_pb_row column_structure=&#8221;2_3,1_3&#8243; _builder_version=&#8221;4.16&#8243; background_size=&#8221;initial&#8221; background_position=&#8221;top_left&#8221; background_repeat=&#8221;repeat&#8221; global_colors_info=&#8221;{}&#8221;][et_pb_column type=&#8221;2_3&#8243; _builder_version=&#8221;4.16&#8243; custom_padding=&#8221;|||&#8221; global_colors_info=&#8221;{}&#8221; custom_padding__hover=&#8221;|||&#8221;][et_pb_text _builder_version=&#8221;4.20.2&#8243; background_size=&#8221;initial&#8221; background_position=&#8221;top_left&#8221; background_repeat=&#8221;repeat&#8221; hover_enabled=&#8221;0&#8243; global_colors_info=&#8221;{}&#8221; sticky_enabled=&#8221;0&#8243;]<\/p>\n<h3>Courses for groups<\/h3>\n<p>If you need a tailored course either in English or Finnish for your company&#8217;s employees or your client, contact us and let&#8217;s fix a date. Our course instructors can also travel to your workplace in Finland and abroad!<\/p>\n<p><strong>Email address:<\/strong><\/p>\n<p>support(at)a-koulutus.fi<\/p>\n<p><strong>Phone:<\/strong>\u00a0+358 40 2544651<\/p>\n<p><strong>Address :<\/strong>\u00a0A-Koulutus Oy \/ Sofiankatu 4 C, 00170 Helsinki , FINLAND<\/p>\n<p>[\/et_pb_text][\/et_pb_column][et_pb_column type=&#8221;1_3&#8243; _builder_version=&#8221;4.16&#8243; custom_padding=&#8221;|||&#8221; global_colors_info=&#8221;{}&#8221; custom_padding__hover=&#8221;|||&#8221;][et_pb_contact_form use_spam_service=&#8221;on&#8221; recaptcha_list=&#8221;Default|Default-0&#8243; email=&#8221;support@a-koulutus.fi&#8221; title=&#8221;How can we help you?&#8221; success_message=&#8221;Thanks for contacting us!&#8221; submit_button_text=&#8221;SEND&#8221; module_id=&#8221;et_pb_contact_form_0&#8243; _builder_version=&#8221;4.20.2&#8243; _unique_id=&#8221;1bd8ca73-e1dc-4f50-91c6-e1bc39266817&#8243; form_field_background_color=&#8221;#f7f7f7&#8243; title_font=&#8221;||||||||&#8221; form_field_font=&#8221;||||||||&#8221; custom_button=&#8221;on&#8221; button_text_color=&#8221;#000000&#8243; button_bg_color=&#8221;#edf000&#8243; button_font=&#8221;|600|||||||&#8221; hover_enabled=&#8221;0&#8243; form_background_color=&#8221;#f7f7f7&#8243; global_colors_info=&#8221;{}&#8221; sticky_enabled=&#8221;0&#8243;][et_pb_contact_field field_id=&#8221;Name_\/_Nimi&#8221; field_title=&#8221;Name&#8221; _builder_version=&#8221;4.19.2&#8243; form_field_font=&#8221;||||||||&#8221; global_colors_info=&#8221;{}&#8221; button_text_size__hover_enabled=&#8221;off&#8221; button_one_text_size__hover_enabled=&#8221;off&#8221; button_two_text_size__hover_enabled=&#8221;off&#8221; button_text_color__hover_enabled=&#8221;off&#8221; button_one_text_color__hover_enabled=&#8221;off&#8221; button_two_text_color__hover_enabled=&#8221;off&#8221; button_border_width__hover_enabled=&#8221;off&#8221; button_one_border_width__hover_enabled=&#8221;off&#8221; button_two_border_width__hover_enabled=&#8221;off&#8221; button_border_color__hover_enabled=&#8221;off&#8221; button_one_border_color__hover_enabled=&#8221;off&#8221; button_two_border_color__hover_enabled=&#8221;off&#8221; button_border_radius__hover_enabled=&#8221;off&#8221; button_one_border_radius__hover_enabled=&#8221;off&#8221; button_two_border_radius__hover_enabled=&#8221;off&#8221; button_letter_spacing__hover_enabled=&#8221;off&#8221; button_one_letter_spacing__hover_enabled=&#8221;off&#8221; button_two_letter_spacing__hover_enabled=&#8221;off&#8221; button_bg_color__hover_enabled=&#8221;off&#8221; button_one_bg_color__hover_enabled=&#8221;off&#8221; button_two_bg_color__hover_enabled=&#8221;off&#8221;][\/et_pb_contact_field][et_pb_contact_field field_id=&#8221;Email_address_\/_SP-osoite&#8221; field_title=&#8221;Email address&#8221; field_type=&#8221;email&#8221; _builder_version=&#8221;4.19.2&#8243; global_colors_info=&#8221;{}&#8221; button_text_size__hover_enabled=&#8221;off&#8221; button_one_text_size__hover_enabled=&#8221;off&#8221; button_two_text_size__hover_enabled=&#8221;off&#8221; button_text_color__hover_enabled=&#8221;off&#8221; button_one_text_color__hover_enabled=&#8221;off&#8221; button_two_text_color__hover_enabled=&#8221;off&#8221; button_border_width__hover_enabled=&#8221;off&#8221; button_one_border_width__hover_enabled=&#8221;off&#8221; button_two_border_width__hover_enabled=&#8221;off&#8221; button_border_color__hover_enabled=&#8221;off&#8221; button_one_border_color__hover_enabled=&#8221;off&#8221; button_two_border_color__hover_enabled=&#8221;off&#8221; button_border_radius__hover_enabled=&#8221;off&#8221; button_one_border_radius__hover_enabled=&#8221;off&#8221; button_two_border_radius__hover_enabled=&#8221;off&#8221; button_letter_spacing__hover_enabled=&#8221;off&#8221; button_one_letter_spacing__hover_enabled=&#8221;off&#8221; button_two_letter_spacing__hover_enabled=&#8221;off&#8221; button_bg_color__hover_enabled=&#8221;off&#8221; button_one_bg_color__hover_enabled=&#8221;off&#8221; button_two_bg_color__hover_enabled=&#8221;off&#8221;][\/et_pb_contact_field][et_pb_contact_field field_id=&#8221;Message_\/_Viesti&#8221; field_title=&#8221;Message&#8221; field_type=&#8221;text&#8221; fullwidth_field=&#8221;on&#8221; _builder_version=&#8221;4.19.2&#8243; global_colors_info=&#8221;{}&#8221; button_text_size__hover_enabled=&#8221;off&#8221; button_one_text_size__hover_enabled=&#8221;off&#8221; button_two_text_size__hover_enabled=&#8221;off&#8221; button_text_color__hover_enabled=&#8221;off&#8221; button_one_text_color__hover_enabled=&#8221;off&#8221; button_two_text_color__hover_enabled=&#8221;off&#8221; button_border_width__hover_enabled=&#8221;off&#8221; button_one_border_width__hover_enabled=&#8221;off&#8221; button_two_border_width__hover_enabled=&#8221;off&#8221; button_border_color__hover_enabled=&#8221;off&#8221; button_one_border_color__hover_enabled=&#8221;off&#8221; button_two_border_color__hover_enabled=&#8221;off&#8221; button_border_radius__hover_enabled=&#8221;off&#8221; button_one_border_radius__hover_enabled=&#8221;off&#8221; button_two_border_radius__hover_enabled=&#8221;off&#8221; button_letter_spacing__hover_enabled=&#8221;off&#8221; button_one_letter_spacing__hover_enabled=&#8221;off&#8221; button_two_letter_spacing__hover_enabled=&#8221;off&#8221; button_bg_color__hover_enabled=&#8221;off&#8221; button_one_bg_color__hover_enabled=&#8221;off&#8221; button_two_bg_color__hover_enabled=&#8221;off&#8221;][\/et_pb_contact_field][\/et_pb_contact_form][\/et_pb_column][\/et_pb_row][\/et_pb_section]<\/p>\n","protected":false},"excerpt":{"rendered":"<p>Courses for groups If you need a tailored course either in English or Finnish for your company&#8217;s employees or your client, contact us and let&#8217;s fix a date. Our course instructors can also travel to your workplace in Finland and abroad! Email address: support(at)a-koulutus.fi Phone:\u00a0+358 40 2544651 Address :\u00a0A-Koulutus Oy \/ Sofiankatu 4 C, 00170 [&hellip;]<\/p>\n","protected":false},"author":2,"featured_media":0,"parent":0,"menu_order":0,"comment_status":"closed","ping_status":"closed","template":"","meta":{"_et_pb_use_builder":"on","_et_pb_old_content":"","_et_gb_content_width":"","footnotes":""},"yoast_head":"<!-- This site is optimized with the Yoast SEO plugin v23.5 - https:\/\/yoast.com\/wordpress\/plugins\/seo\/ -->\n<title>Yhteystiedot | Ty\u00f6turvallisuuskortti | Helsinki | Espoo | Vantaa - A-Koulutus<\/title>\n<meta name=\"description\" content=\"Ota yhteytt\u00e4 ja suunnitellaan juuri teille sopiva ty\u00f6turvallisuuden koulutussis\u00e4lt\u00f6! Osoite: A-koulutus \/ Lohjantie 4, 00550 HELSINKI. Puhelin: 040-2544651.\" \/>\n<meta name=\"robots\" content=\"index, follow, max-snippet:-1, max-image-preview:large, max-video-preview:-1\" \/>\n<link rel=\"canonical\" href=\"https:\/\/stage.a-koulutus.fi\/fi\/yhteystiedot\/\" \/>\n<meta property=\"og:locale\" content=\"fi_FI\" \/>\n<meta property=\"og:type\" content=\"article\" \/>\n<meta property=\"og:title\" content=\"Yhteystiedot | Ty\u00f6turvallisuuskortti | Helsinki | Espoo | Vantaa - A-Koulutus\" \/>\n<meta property=\"og:description\" content=\"Ota yhteytt\u00e4 ja suunnitellaan juuri teille sopiva ty\u00f6turvallisuuden koulutussis\u00e4lt\u00f6! Osoite: A-koulutus \/ Lohjantie 4, 00550 HELSINKI. Puhelin: 040-2544651.\" \/>\n<meta property=\"og:url\" content=\"https:\/\/stage.a-koulutus.fi\/fi\/yhteystiedot\/\" \/>\n<meta property=\"og:site_name\" content=\"A-koulutus\" \/>\n<meta property=\"article:modified_time\" content=\"2023-03-30T12:22:49+00:00\" \/>\n<meta name=\"twitter:card\" content=\"summary_large_image\" \/>\n<meta name=\"twitter:label1\" content=\"Arvioitu lukuaika\" \/>\n\t<meta name=\"twitter:data1\" content=\"1 minuutti\" \/>\n<script type=\"application\/ld+json\" class=\"yoast-schema-graph\">{\"@context\":\"https:\/\/schema.org\",\"@graph\":[{\"@type\":\"WebPage\",\"@id\":\"https:\/\/stage.a-koulutus.fi\/info\/\",\"url\":\"https:\/\/stage.a-koulutus.fi\/info\/\",\"name\":\"Yhteystiedot | Ty\u00f6turvallisuuskortti | Helsinki | Espoo | Vantaa - A-Koulutus\",\"isPartOf\":{\"@id\":\"https:\/\/stage.a-koulutus.fi\/#website\"},\"datePublished\":\"2018-04-06T06:02:36+00:00\",\"dateModified\":\"2023-03-30T12:22:49+00:00\",\"description\":\"Ota yhteytt\u00e4 ja suunnitellaan juuri teille sopiva ty\u00f6turvallisuuden koulutussis\u00e4lt\u00f6! Osoite: A-koulutus \/ Lohjantie 4, 00550 HELSINKI. Puhelin: 040-2544651.\",\"breadcrumb\":{\"@id\":\"https:\/\/stage.a-koulutus.fi\/info\/#breadcrumb\"},\"inLanguage\":\"fi\",\"potentialAction\":[{\"@type\":\"ReadAction\",\"target\":[\"https:\/\/stage.a-koulutus.fi\/info\/\"]}]},{\"@type\":\"BreadcrumbList\",\"@id\":\"https:\/\/stage.a-koulutus.fi\/info\/#breadcrumb\",\"itemListElement\":[{\"@type\":\"ListItem\",\"position\":1,\"name\":\"Home\",\"item\":\"https:\/\/stage.a-koulutus.fi\/\"},{\"@type\":\"ListItem\",\"position\":2,\"name\":\"Info\"}]},{\"@type\":\"WebSite\",\"@id\":\"https:\/\/stage.a-koulutus.fi\/#website\",\"url\":\"https:\/\/stage.a-koulutus.fi\/\",\"name\":\"A-koulutus\",\"description\":\"Occupational Safety Card courses\",\"potentialAction\":[{\"@type\":\"SearchAction\",\"target\":{\"@type\":\"EntryPoint\",\"urlTemplate\":\"https:\/\/stage.a-koulutus.fi\/?s={search_term_string}\"},\"query-input\":{\"@type\":\"PropertyValueSpecification\",\"valueRequired\":true,\"valueName\":\"search_term_string\"}}],\"inLanguage\":\"fi\"}]}<\/script>\n<!-- \/ Yoast SEO plugin. -->","yoast_head_json":{"title":"Yhteystiedot | Ty\u00f6turvallisuuskortti | Helsinki | Espoo | Vantaa - A-Koulutus","description":"Ota yhteytt\u00e4 ja suunnitellaan juuri teille sopiva ty\u00f6turvallisuuden koulutussis\u00e4lt\u00f6! Osoite: A-koulutus \/ Lohjantie 4, 00550 HELSINKI. Puhelin: 040-2544651.","robots":{"index":"index","follow":"follow","max-snippet":"max-snippet:-1","max-image-preview":"max-image-preview:large","max-video-preview":"max-video-preview:-1"},"canonical":"https:\/\/stage.a-koulutus.fi\/fi\/yhteystiedot\/","og_locale":"fi_FI","og_type":"article","og_title":"Yhteystiedot | Ty\u00f6turvallisuuskortti | Helsinki | Espoo | Vantaa - A-Koulutus","og_description":"Ota yhteytt\u00e4 ja suunnitellaan juuri teille sopiva ty\u00f6turvallisuuden koulutussis\u00e4lt\u00f6! Osoite: A-koulutus \/ Lohjantie 4, 00550 HELSINKI. Puhelin: 040-2544651.","og_url":"https:\/\/stage.a-koulutus.fi\/fi\/yhteystiedot\/","og_site_name":"A-koulutus","article_modified_time":"2023-03-30T12:22:49+00:00","twitter_card":"summary_large_image","twitter_misc":{"Arvioitu lukuaika":"1 minuutti"},"schema":{"@context":"https:\/\/schema.org","@graph":[{"@type":"WebPage","@id":"https:\/\/stage.a-koulutus.fi\/info\/","url":"https:\/\/stage.a-koulutus.fi\/info\/","name":"Yhteystiedot | Ty\u00f6turvallisuuskortti | Helsinki | Espoo | Vantaa - A-Koulutus","isPartOf":{"@id":"https:\/\/stage.a-koulutus.fi\/#website"},"datePublished":"2018-04-06T06:02:36+00:00","dateModified":"2023-03-30T12:22:49+00:00","description":"Ota yhteytt\u00e4 ja suunnitellaan juuri teille sopiva ty\u00f6turvallisuuden koulutussis\u00e4lt\u00f6! Osoite: A-koulutus \/ Lohjantie 4, 00550 HELSINKI. Puhelin: 040-2544651.","breadcrumb":{"@id":"https:\/\/stage.a-koulutus.fi\/info\/#breadcrumb"},"inLanguage":"fi","potentialAction":[{"@type":"ReadAction","target":["https:\/\/stage.a-koulutus.fi\/info\/"]}]},{"@type":"BreadcrumbList","@id":"https:\/\/stage.a-koulutus.fi\/info\/#breadcrumb","itemListElement":[{"@type":"ListItem","position":1,"name":"Home","item":"https:\/\/stage.a-koulutus.fi\/"},{"@type":"ListItem","position":2,"name":"Info"}]},{"@type":"WebSite","@id":"https:\/\/stage.a-koulutus.fi\/#website","url":"https:\/\/stage.a-koulutus.fi\/","name":"A-koulutus","description":"Occupational Safety Card courses","potentialAction":[{"@type":"SearchAction","target":{"@type":"EntryPoint","urlTemplate":"https:\/\/stage.a-koulutus.fi\/?s={search_term_string}"},"query-input":{"@type":"PropertyValueSpecification","valueRequired":true,"valueName":"search_term_string"}}],"inLanguage":"fi"}]}},"publishpress_future_action":{"enabled":false,"date":"2026-04-25 15:59:22","action":"change-status","newStatus":"draft","terms":[],"taxonomy":""},"publishpress_future_workflow_manual_trigger":{"enabledWorkflows":[]},"_links":{"self":[{"href":"https:\/\/stage.a-koulutus.fi\/fi\/wp-json\/wp\/v2\/pages\/88"}],"collection":[{"href":"https:\/\/stage.a-koulutus.fi\/fi\/wp-json\/wp\/v2\/pages"}],"about":[{"href":"https:\/\/stage.a-koulutus.fi\/fi\/wp-json\/wp\/v2\/types\/page"}],"author":[{"embeddable":true,"href":"https:\/\/stage.a-koulutus.fi\/fi\/wp-json\/wp\/v2\/users\/2"}],"replies":[{"embeddable":true,"href":"https:\/\/stage.a-koulutus.fi\/fi\/wp-json\/wp\/v2\/comments?post=88"}],"version-history":[{"count":9,"href":"https:\/\/stage.a-koulutus.fi\/fi\/wp-json\/wp\/v2\/pages\/88\/revisions"}],"predecessor-version":[{"id":4682,"href":"https:\/\/stage.a-koulutus.fi\/fi\/wp-json\/wp\/v2\/pages\/88\/revisions\/4682"}],"wp:attachment":[{"href":"https:\/\/stage.a-koulutus.fi\/fi\/wp-json\/wp\/v2\/media?parent=88"}],"curies":[{"name":"wp","href":"https:\/\/api.w.org\/{rel}","templated":true}]}}